{"id":8745,"date":"2022-12-07T11:47:13","date_gmt":"2022-12-07T11:47:13","guid":{"rendered":"https:\/\/marchomtextile.com\/?post_type=product&#038;p=8745"},"modified":"2023-04-14T08:53:06","modified_gmt":"2023-04-14T08:53:06","slug":"cicek-desenli-kirlent-5","status":"publish","type":"product","link":"https:\/\/marchomtextile.com\/tr\/urun\/cicek-desenli-kirlent-5\/","title":{"rendered":"\u00c7i\u00e7ek Desenli K\u0131rlent 5"},"content":{"rendered":"<p>Yurt i\u00e7i sipari\u015flerde , sipari\u015f a\u015famas\u0131nda anla\u015fmal\u0131 oldu\u011funuz kargo \u015firketini not b\u00f6l\u00fcm\u00fcne belirtebilirsiniz. Belirtilmedi\u011fi taktirde Marchom Tekstil&#8217;in anla\u015fmal\u0131 oldu\u011fu kargo \u015firketleri arac\u0131l\u0131\u011f\u0131 ile g\u00f6nderilecektir. Kargo \u00fccreti al\u0131c\u0131ya aittir.<\/p>\n","protected":false},"excerpt":{"rendered":"<ul>\n<li>Rasel \u00f6rme makinalar\u0131nda \u00fcretilmi\u015f olup, TS astarl\u0131d\u0131r,<\/li>\n<li>45*45 \u00f6l\u00e7\u00fcleri,<\/li>\n<li>Adet olarak sat\u0131lmaktad\u0131r.<\/li>\n<li>Fiyatlara KDV dahildir.<\/li>\n<li>Taksitli al\u0131\u015fveri\u015flerde 6 aya kadar vade fark\u0131 uygulanmaz. 6 ay \u00fczeri al\u0131\u015fveri\u015flerde vade fark\u0131 uygulan\u0131r.<\/li>\n<\/ul>\n","protected":false},"featured_media":8746,"comment_status":"open","ping_status":"closed","template":"","meta":[],"product_cat":[309],"product_tag":[],"class_list":{"0":"post-8745","1":"product","2":"type-product","3":"status-publish","4":"has-post-thumbnail","6":"product_cat-marchom-kirlent","8":"first","9":"instock","10":"taxable","11":"shipping-taxable","12":"purchasable","13":"product-type-simple"},"_links":{"self":[{"href":"https:\/\/marchomtextile.com\/tr\/wp-json\/wp\/v2\/product\/8745","targetHints":{"allow":["GET"]}}],"collection":[{"href":"https:\/\/marchomtextile.com\/tr\/wp-json\/wp\/v2\/product"}],"about":[{"href":"https:\/\/marchomtextile.com\/tr\/wp-json\/wp\/v2\/types\/product"}],"replies":[{"embeddable":true,"href":"https:\/\/marchomtextile.com\/tr\/wp-json\/wp\/v2\/comments?post=8745"}],"wp:featuredmedia":[{"embeddable":true,"href":"https:\/\/marchomtextile.com\/tr\/wp-json\/wp\/v2\/media\/8746"}],"wp:attachment":[{"href":"https:\/\/marchomtextile.com\/tr\/wp-json\/wp\/v2\/media?parent=8745"}],"wp:term":[{"taxonomy":"product_cat","embeddable":true,"href":"https:\/\/marchomtextile.com\/tr\/wp-json\/wp\/v2\/product_cat?post=8745"},{"taxonomy":"product_tag","embeddable":true,"href":"https:\/\/marchomtextile.com\/tr\/wp-json\/wp\/v2\/product_tag?post=8745"}],"curies":[{"name":"wp","href":"https:\/\/api.w.org\/{rel}","templated":true}]}}