{"id":3943,"date":"2022-11-04T12:26:21","date_gmt":"2022-11-04T12:26:21","guid":{"rendered":"https:\/\/marchomtextile.com\/?post_type=product&#038;p=3943"},"modified":"2022-12-17T10:02:41","modified_gmt":"2022-12-17T10:02:41","slug":"prussia","status":"publish","type":"product","link":"https:\/\/marchomtextile.com\/tr\/urun\/prussia\/","title":{"rendered":"Prussia"},"content":{"rendered":"<p>Yurt i\u00e7i sipari\u015flerde , sipari\u015f a\u015famas\u0131nda anla\u015fmal\u0131 oldu\u011funuz kargo \u015firketini not b\u00f6l\u00fcm\u00fcne belirtebilirsiniz.<\/p>\n<p>Belirtilmedi\u011fi taktirde Marchom Tekstil&#8217;in anla\u015fmal\u0131 oldu\u011fu kargo \u015firketleri arac\u0131l\u0131\u011f\u0131 ile g\u00f6nderilecektir.<\/p>\n<p><strong>Kargo \u00fccreti al\u0131c\u0131ya aittir.<\/strong><\/p>\n","protected":false},"excerpt":{"rendered":"<ul>\n<li>Dokuma makinalar\u0131nda \u00fcretilmi\u015ftir.<\/li>\n<li>&#8211; Gr \/ m2<\/li>\n<li>En 140 cm<\/li>\n<li>30\u00b0C \u00fczerindeki y\u0131kamalar tavsiye edilmemektedir.<\/li>\n<li>40 metre ve \u00fczeri talepleriniz i\u00e7in Whatsapp \/ Telefon yoluyla ileti\u015fime ge\u00e7iniz.<\/li>\n<li>Fiyatlara KDV dahildir.<\/li>\n<li>Taksitli al\u0131\u015fveri\u015flerde 6 aya kadar vade fark\u0131 uygulanmaz. 6 ay \u00fczeri al\u0131\u015fveri\u015flerde vade fark\u0131 uygulan\u0131r.<\/li>\n<li>\u00dcr\u00fcn renk se\u00e7imini a\u015fa\u011f\u0131dan yapabilirsiniz.<\/li>\n<\/ul>\n","protected":false},"featured_media":5432,"comment_status":"open","ping_status":"closed","template":"","meta":[],"product_cat":[61],"product_tag":[],"class_list":{"0":"post-3943","1":"product","2":"type-product","3":"status-publish","4":"has-post-thumbnail","6":"product_cat-marchom-kadife","8":"first","9":"instock","10":"taxable","11":"shipping-taxable","12":"purchasable","13":"product-type-variable"},"_links":{"self":[{"href":"https:\/\/marchomtextile.com\/tr\/wp-json\/wp\/v2\/product\/3943","targetHints":{"allow":["GET"]}}],"collection":[{"href":"https:\/\/marchomtextile.com\/tr\/wp-json\/wp\/v2\/product"}],"about":[{"href":"https:\/\/marchomtextile.com\/tr\/wp-json\/wp\/v2\/types\/product"}],"replies":[{"embeddable":true,"href":"https:\/\/marchomtextile.com\/tr\/wp-json\/wp\/v2\/comments?post=3943"}],"wp:featuredmedia":[{"embeddable":true,"href":"https:\/\/marchomtextile.com\/tr\/wp-json\/wp\/v2\/media\/5432"}],"wp:attachment":[{"href":"https:\/\/marchomtextile.com\/tr\/wp-json\/wp\/v2\/media?parent=3943"}],"wp:term":[{"taxonomy":"product_cat","embeddable":true,"href":"https:\/\/marchomtextile.com\/tr\/wp-json\/wp\/v2\/product_cat?post=3943"},{"taxonomy":"product_tag","embeddable":true,"href":"https:\/\/marchomtextile.com\/tr\/wp-json\/wp\/v2\/product_tag?post=3943"}],"curies":[{"name":"wp","href":"https:\/\/api.w.org\/{rel}","templated":true}]}}