{"id":2936,"date":"2022-11-03T11:31:13","date_gmt":"2022-11-03T11:31:13","guid":{"rendered":"https:\/\/marchomtextile.com\/?post_type=product&#038;p=2936"},"modified":"2022-12-17T10:09:23","modified_gmt":"2022-12-17T10:09:23","slug":"jerry-nubuk","status":"publish","type":"product","link":"https:\/\/marchomtextile.com\/tr\/urun\/jerry-nubuk\/","title":{"rendered":"Jerry"},"content":{"rendered":"<p>Yurt i\u00e7i sipari\u015flerde , sipari\u015f a\u015famas\u0131nda anla\u015fmal\u0131 oldu\u011funuz kargo \u015firketini not b\u00f6l\u00fcm\u00fcne belirtebilirsiniz. Belirtilmedi\u011fi taktirde Marchom Tekstil&#8217;in anla\u015fmal\u0131 oldu\u011fu kargo \u015firketleri arac\u0131l\u0131\u011f\u0131 ile g\u00f6nderilecektir. Kargo \u00fccreti al\u0131c\u0131ya aittir.<\/p>\n","protected":false},"excerpt":{"rendered":"<ul>\n<li>Yuvarlak \u00f6rme makinalar\u0131nda \u00fcretilmi\u015f olup , TC astar lamine edilmi\u015ftir.<\/li>\n<li>260 Gr \/ m2<\/li>\n<li>En 140 cm<\/li>\n<li>30\u00b0C \u00fczerindeki y\u0131kamalar tavsiye edilmemektedir.<\/li>\n<li>Kadife t\u00fcr\u00fc oldu\u011fundan dolay\u0131 hav y\u00f6n\u00fcnde temizlemeniz \u00f6nerilir.<\/li>\n<li>80 metre ve \u00fczeri talepleriniz i\u00e7in Whatsapp \/ Telefon yoluyla ileti\u015fime ge\u00e7iniz.<\/li>\n<li>Fiyatlara KDV dahildir.<\/li>\n<li>Taksitli al\u0131\u015fveri\u015flerde 6 aya kadar vade fark\u0131 uygulanmaz. 6 ay \u00fczeri al\u0131\u015fveri\u015flerde vade fark\u0131 uygulan\u0131r.<\/li>\n<li>\u00dcr\u00fcn renk se\u00e7imini a\u015fa\u011f\u0131dan yapabilirsiniz.<\/li>\n<\/ul>\n","protected":false},"featured_media":5401,"comment_status":"open","ping_status":"closed","template":"","meta":[],"product_cat":[109],"product_tag":[],"class_list":{"0":"post-2936","1":"product","2":"type-product","3":"status-publish","4":"has-post-thumbnail","6":"product_cat-marchom-duz","8":"first","9":"instock","10":"taxable","11":"shipping-taxable","12":"purchasable","13":"product-type-variable"},"_links":{"self":[{"href":"https:\/\/marchomtextile.com\/tr\/wp-json\/wp\/v2\/product\/2936","targetHints":{"allow":["GET"]}}],"collection":[{"href":"https:\/\/marchomtextile.com\/tr\/wp-json\/wp\/v2\/product"}],"about":[{"href":"https:\/\/marchomtextile.com\/tr\/wp-json\/wp\/v2\/types\/product"}],"replies":[{"embeddable":true,"href":"https:\/\/marchomtextile.com\/tr\/wp-json\/wp\/v2\/comments?post=2936"}],"wp:featuredmedia":[{"embeddable":true,"href":"https:\/\/marchomtextile.com\/tr\/wp-json\/wp\/v2\/media\/5401"}],"wp:attachment":[{"href":"https:\/\/marchomtextile.com\/tr\/wp-json\/wp\/v2\/media?parent=2936"}],"wp:term":[{"taxonomy":"product_cat","embeddable":true,"href":"https:\/\/marchomtextile.com\/tr\/wp-json\/wp\/v2\/product_cat?post=2936"},{"taxonomy":"product_tag","embeddable":true,"href":"https:\/\/marchomtextile.com\/tr\/wp-json\/wp\/v2\/product_tag?post=2936"}],"curies":[{"name":"wp","href":"https:\/\/api.w.org\/{rel}","templated":true}]}}