{"id":2591,"date":"2022-10-13T07:34:09","date_gmt":"2022-10-13T07:34:09","guid":{"rendered":"https:\/\/marchomtextile.com\/?page_id=2591"},"modified":"2022-11-14T08:59:36","modified_gmt":"2022-11-14T08:59:36","slug":"kalitelerimiz","status":"publish","type":"page","link":"https:\/\/marchomtextile.com\/tr\/kalitelerimiz\/","title":{"rendered":"Kalitelerimiz"},"content":{"rendered":"\t\t<div data-elementor-type=\"wp-post\" data-elementor-id=\"2591\" class=\"elementor elementor-2591\">\n\t\t\t\t\t\t<section class=\"elementor-section elementor-top-section elementor-element elementor-element-10b3474 elementor-section-boxed elementor-section-height-default elementor-section-height-default\" data-id=\"10b3474\" data-element_type=\"section\">\n\t\t\t\t\t\t<div class=\"elementor-container elementor-column-gap-default\">\n\t\t\t\t\t<div class=\"elementor-column elementor-col-50 elementor-top-column elementor-element elementor-element-9f7d21a elementor-invisible\" data-id=\"9f7d21a\" data-element_type=\"column\" data-settings=\"{&quot;animation&quot;:&quot;fadeIn&quot;}\">\n\t\t\t<div class=\"elementor-widget-wrap elementor-element-populated\">\n\t\t\t\t\t\t<div class=\"elementor-element elementor-element-79bcd68 elementor-widget elementor-widget-image\" data-id=\"79bcd68\" data-element_type=\"widget\" data-widget_type=\"image.default\">\n\t\t\t\t<div class=\"elementor-widget-container\">\n\t\t\t<style>\/*! elementor - v3.19.0 - 28-02-2024 *\/\n.elementor-widget-image{text-align:center}.elementor-widget-image a{display:inline-block}.elementor-widget-image a img[src$=\".svg\"]{width:48px}.elementor-widget-image img{vertical-align:middle;display:inline-block}<\/style>\t\t\t\t\t\t\t\t\t\t<img fetchpriority=\"high\" decoding=\"async\" width=\"940\" height=\"665\" src=\"https:\/\/marchomtextile.com\/wp-content\/uploads\/2022\/10\/27-1024x724.jpg\" class=\"attachment-large size-large wp-image-2631\" alt=\"\" srcset=\"https:\/\/marchomtextile.com\/wp-content\/uploads\/2022\/10\/27-1024x724.jpg 1024w, https:\/\/marchomtextile.com\/wp-content\/uploads\/2022\/10\/27-300x212.jpg 300w, https:\/\/marchomtextile.com\/wp-content\/uploads\/2022\/10\/27-768x543.jpg 768w, https:\/\/marchomtextile.com\/wp-content\/uploads\/2022\/10\/27-1536x1086.jpg 1536w, https:\/\/marchomtextile.com\/wp-content\/uploads\/2022\/10\/27-2048x1448.jpg 2048w, https:\/\/marchomtextile.com\/wp-content\/uploads\/2022\/10\/27-285x201.jpg 285w, https:\/\/marchomtextile.com\/wp-content\/uploads\/2022\/10\/27-1600x1131.jpg 1600w, https:\/\/marchomtextile.com\/wp-content\/uploads\/2022\/10\/27-660x467.jpg 660w, https:\/\/marchomtextile.com\/wp-content\/uploads\/2022\/10\/27-150x106.jpg 150w\" sizes=\"(max-width: 940px) 100vw, 940px\" \/>\t\t\t\t\t\t\t\t\t\t\t\t\t<\/div>\n\t\t\t\t<\/div>\n\t\t\t\t\t<\/div>\n\t\t<\/div>\n\t\t\t\t<div class=\"elementor-column elementor-col-50 elementor-top-column elementor-element elementor-element-988c61c elementor-invisible\" data-id=\"988c61c\" data-element_type=\"column\" data-settings=\"{&quot;animation&quot;:&quot;fadeIn&quot;,&quot;animation_delay&quot;:200}\">\n\t\t\t<div class=\"elementor-widget-wrap elementor-element-populated\">\n\t\t\t\t\t\t<div class=\"elementor-element elementor-element-f27c52e elementor-widget elementor-widget-heading\" data-id=\"f27c52e\" data-element_type=\"widget\" data-widget_type=\"heading.default\">\n\t\t\t\t<div class=\"elementor-widget-container\">\n\t\t\t<style>\/*! elementor - v3.19.0 - 28-02-2024 *\/\n.elementor-heading-title{padding:0;margin:0;line-height:1}.elementor-widget-heading .elementor-heading-title[class*=elementor-size-]>a{color:inherit;font-size:inherit;line-height:inherit}.elementor-widget-heading .elementor-heading-title.elementor-size-small{font-size:15px}.elementor-widget-heading .elementor-heading-title.elementor-size-medium{font-size:19px}.elementor-widget-heading .elementor-heading-title.elementor-size-large{font-size:29px}.elementor-widget-heading .elementor-heading-title.elementor-size-xl{font-size:39px}.elementor-widget-heading .elementor-heading-title.elementor-size-xxl{font-size:59px}<\/style><h1 class=\"elementor-heading-title elementor-size-default elementor-heading-title\">MARCHOM D\u00dcZ<\/h1>\t\t<\/div>\n\t\t\t\t<\/div>\n\t\t\t\t<div class=\"elementor-element elementor-element-9cdd897 elementor-widget elementor-widget-text-editor\" data-id=\"9cdd897\" data-element_type=\"widget\" data-widget_type=\"text-editor.default\">\n\t\t\t\t<div class=\"elementor-widget-container\">\n\t\t\t<style>\/*! elementor - v3.19.0 - 28-02-2024 *\/\n.elementor-widget-text-editor.elementor-drop-cap-view-stacked .elementor-drop-cap{background-color:#69727d;color:#fff}.elementor-widget-text-editor.elementor-drop-cap-view-framed .elementor-drop-cap{color:#69727d;border:3px solid;background-color:transparent}.elementor-widget-text-editor:not(.elementor-drop-cap-view-default) .elementor-drop-cap{margin-top:8px}.elementor-widget-text-editor:not(.elementor-drop-cap-view-default) .elementor-drop-cap-letter{width:1em;height:1em}.elementor-widget-text-editor .elementor-drop-cap{float:left;text-align:center;line-height:1;font-size:50px}.elementor-widget-text-editor .elementor-drop-cap-letter{display:inline-block}<\/style>\t\t\t\t<div class=\"x-text\"><p>Mobilyalar\u0131m\u0131z\u0131 ve ya\u015fam alanlar\u0131m\u0131z\u0131 dizayn ederken farkl\u0131 stillerden esinleniriz. Bu stillerden biri de MARCHOM D\u00dcZ kuma\u015flar\u0131d\u0131r. Evinizin farkl\u0131 alanlar\u0131nda kullanaca\u011f\u0131n\u0131z d\u00fcz kuma\u015flar ile sadeli\u011fi ve \u015f\u0131kl\u0131\u011f\u0131 deneyimleyebilirsiniz. B\u00f6ylece karma\u015fadan uzak ve modern bir hava yakalayabilirsiniz. MARCHOM D\u00dcZ Kuma\u015flar, yumu\u015fak dokusu ve temizleme kolayl\u0131\u011f\u0131 ile kulland\u0131\u011f\u0131n\u0131z alanlara kolayca uyum sa\u011flayacakt\u0131r. Modern ve minimal bir dekorasyon stili yaratmak i\u00e7in MARCHOM D\u00dcZ Kuma\u015flar\u0131 tercih edebilirsiniz.<\/p><\/div>\t\t\t\t\t\t<\/div>\n\t\t\t\t<\/div>\n\t\t\t\t\t<\/div>\n\t\t<\/div>\n\t\t\t\t\t<\/div>\n\t\t<\/section>\n\t\t\t\t<section class=\"elementor-section elementor-top-section elementor-element elementor-element-fa76a1c elementor-section-boxed elementor-section-height-default elementor-section-height-default\" data-id=\"fa76a1c\" data-element_type=\"section\">\n\t\t\t\t\t\t<div class=\"elementor-container elementor-column-gap-default\">\n\t\t\t\t\t<div class=\"elementor-column elementor-col-50 elementor-top-column elementor-element elementor-element-8e59496 elementor-invisible\" data-id=\"8e59496\" data-element_type=\"column\" data-settings=\"{&quot;animation&quot;:&quot;fadeIn&quot;,&quot;animation_delay&quot;:200}\">\n\t\t\t<div class=\"elementor-widget-wrap elementor-element-populated\">\n\t\t\t\t\t\t<div class=\"elementor-element elementor-element-e930abd elementor-widget elementor-widget-heading\" data-id=\"e930abd\" data-element_type=\"widget\" data-widget_type=\"heading.default\">\n\t\t\t\t<div class=\"elementor-widget-container\">\n\t\t\t<h1 class=\"elementor-heading-title elementor-size-default elementor-heading-title\">MARCHOM JAKAR<\/h1>\t\t<\/div>\n\t\t\t\t<\/div>\n\t\t\t\t<div class=\"elementor-element elementor-element-ff53d70 elementor-widget elementor-widget-text-editor\" data-id=\"ff53d70\" data-element_type=\"widget\" data-widget_type=\"text-editor.default\">\n\t\t\t\t<div class=\"elementor-widget-container\">\n\t\t\t\t\t\t\t<div class=\"x-text\"><p>MARCHOM JAKAR kuma\u015f, Pamuk, Polyester, Keten, \u0130pek gibi ipliklerin \u00f6zel bir tezg\u00e2h \u00fczerinde dokunmas\u0131yla elde edilen desenlerle olu\u015fturulan \u00f6zg\u00fcn bir kuma\u015f t\u00fcr\u00fcd\u00fcr. MARCHOM JAKAR kuma\u015f\u0131n \u00fcretilme metodu dokuma veya \u00f6rmedir. \u015e\u0131k ve estetik g\u00f6r\u00fcn\u00fcmleri ile kullan\u0131m\u0131n\u0131n rahat olmas\u0131 sebebiyle d\u00f6\u015femelik ve perdelik kuma\u015flar ev tekstili \u00fcr\u00fcnlerinde s\u0131kl\u0131kla kullan\u0131l\u0131rlar.<\/p><\/div>\t\t\t\t\t\t<\/div>\n\t\t\t\t<\/div>\n\t\t\t\t\t<\/div>\n\t\t<\/div>\n\t\t\t\t<div class=\"elementor-column elementor-col-50 elementor-top-column elementor-element elementor-element-cd209ab elementor-invisible\" data-id=\"cd209ab\" data-element_type=\"column\" data-settings=\"{&quot;animation&quot;:&quot;fadeIn&quot;}\">\n\t\t\t<div class=\"elementor-widget-wrap elementor-element-populated\">\n\t\t\t\t\t\t<div class=\"elementor-element elementor-element-f76c318 elementor-widget elementor-widget-image\" data-id=\"f76c318\" data-element_type=\"widget\" data-widget_type=\"image.default\">\n\t\t\t\t<div class=\"elementor-widget-container\">\n\t\t\t\t\t\t\t\t\t\t\t\t\t<img decoding=\"async\" width=\"940\" height=\"705\" src=\"https:\/\/marchomtextile.com\/wp-content\/uploads\/2022\/10\/81Upi-aSPsL._SL1100_-1024x768.jpg\" class=\"attachment-large size-large wp-image-2635\" alt=\"\" srcset=\"https:\/\/marchomtextile.com\/wp-content\/uploads\/2022\/10\/81Upi-aSPsL._SL1100_-1024x768.jpg 1024w, https:\/\/marchomtextile.com\/wp-content\/uploads\/2022\/10\/81Upi-aSPsL._SL1100_-300x225.jpg 300w, https:\/\/marchomtextile.com\/wp-content\/uploads\/2022\/10\/81Upi-aSPsL._SL1100_-768x576.jpg 768w, https:\/\/marchomtextile.com\/wp-content\/uploads\/2022\/10\/81Upi-aSPsL._SL1100_-285x214.jpg 285w, https:\/\/marchomtextile.com\/wp-content\/uploads\/2022\/10\/81Upi-aSPsL._SL1100_-800x600.jpg 800w, https:\/\/marchomtextile.com\/wp-content\/uploads\/2022\/10\/81Upi-aSPsL._SL1100_-660x495.jpg 660w, https:\/\/marchomtextile.com\/wp-content\/uploads\/2022\/10\/81Upi-aSPsL._SL1100_-150x113.jpg 150w, https:\/\/marchomtextile.com\/wp-content\/uploads\/2022\/10\/81Upi-aSPsL._SL1100_.jpg 1100w\" sizes=\"(max-width: 940px) 100vw, 940px\" \/>\t\t\t\t\t\t\t\t\t\t\t\t\t<\/div>\n\t\t\t\t<\/div>\n\t\t\t\t\t<\/div>\n\t\t<\/div>\n\t\t\t\t\t<\/div>\n\t\t<\/section>\n\t\t\t\t<section class=\"elementor-section elementor-top-section elementor-element elementor-element-c507c73 elementor-section-boxed elementor-section-height-default elementor-section-height-default\" data-id=\"c507c73\" data-element_type=\"section\">\n\t\t\t\t\t\t<div class=\"elementor-container elementor-column-gap-default\">\n\t\t\t\t\t<div class=\"elementor-column elementor-col-50 elementor-top-column elementor-element elementor-element-109a0c9 elementor-invisible\" data-id=\"109a0c9\" data-element_type=\"column\" data-settings=\"{&quot;animation&quot;:&quot;fadeIn&quot;}\">\n\t\t\t<div class=\"elementor-widget-wrap elementor-element-populated\">\n\t\t\t\t\t\t<div class=\"elementor-element elementor-element-5fe571b elementor-widget elementor-widget-image\" data-id=\"5fe571b\" data-element_type=\"widget\" data-widget_type=\"image.default\">\n\t\t\t\t<div class=\"elementor-widget-container\">\n\t\t\t\t\t\t\t\t\t\t\t\t\t<img decoding=\"async\" width=\"940\" height=\"665\" src=\"https:\/\/marchomtextile.com\/wp-content\/uploads\/2022\/10\/20-1024x724.jpg\" class=\"attachment-large size-large wp-image-2638\" alt=\"\" srcset=\"https:\/\/marchomtextile.com\/wp-content\/uploads\/2022\/10\/20-1024x724.jpg 1024w, https:\/\/marchomtextile.com\/wp-content\/uploads\/2022\/10\/20-300x212.jpg 300w, https:\/\/marchomtextile.com\/wp-content\/uploads\/2022\/10\/20-768x543.jpg 768w, https:\/\/marchomtextile.com\/wp-content\/uploads\/2022\/10\/20-1536x1086.jpg 1536w, https:\/\/marchomtextile.com\/wp-content\/uploads\/2022\/10\/20-2048x1448.jpg 2048w, https:\/\/marchomtextile.com\/wp-content\/uploads\/2022\/10\/20-285x201.jpg 285w, https:\/\/marchomtextile.com\/wp-content\/uploads\/2022\/10\/20-1600x1131.jpg 1600w, https:\/\/marchomtextile.com\/wp-content\/uploads\/2022\/10\/20-660x467.jpg 660w, https:\/\/marchomtextile.com\/wp-content\/uploads\/2022\/10\/20-150x106.jpg 150w\" sizes=\"(max-width: 940px) 100vw, 940px\" \/>\t\t\t\t\t\t\t\t\t\t\t\t\t<\/div>\n\t\t\t\t<\/div>\n\t\t\t\t\t<\/div>\n\t\t<\/div>\n\t\t\t\t<div class=\"elementor-column elementor-col-50 elementor-top-column elementor-element elementor-element-cadf01f elementor-invisible\" data-id=\"cadf01f\" data-element_type=\"column\" data-settings=\"{&quot;animation&quot;:&quot;fadeIn&quot;,&quot;animation_delay&quot;:200}\">\n\t\t\t<div class=\"elementor-widget-wrap elementor-element-populated\">\n\t\t\t\t\t\t<div class=\"elementor-element elementor-element-b57fe70 elementor-widget elementor-widget-heading\" data-id=\"b57fe70\" data-element_type=\"widget\" data-widget_type=\"heading.default\">\n\t\t\t\t<div class=\"elementor-widget-container\">\n\t\t\t<h1 class=\"elementor-heading-title elementor-size-default elementor-heading-title\">MARCHOM KAD\u0130FE<\/h1>\t\t<\/div>\n\t\t\t\t<\/div>\n\t\t\t\t<div class=\"elementor-element elementor-element-9793d73 elementor-widget elementor-widget-text-editor\" data-id=\"9793d73\" data-element_type=\"widget\" data-widget_type=\"text-editor.default\">\n\t\t\t\t<div class=\"elementor-widget-container\">\n\t\t\t\t\t\t\t<div class=\"x-text\"><p>Mobilyalar\u0131n tarz\u0131 ve stili kadar, dokusu ve kuma\u015f\u0131 da \u00f6nemlidir. Kuma\u015flar mobilyalar\u0131n \u00f6n plana \u00e7\u0131kmas\u0131n\u0131 sa\u011flayan materyallerdir. MARCHOM KAD\u0130FE Kuma\u015flar, \u015f\u0131k bir g\u00f6r\u00fcn\u00fcme sahiptirler ve kullan\u0131ld\u0131klar\u0131 mobilyada konforlu bir doku olu\u015ftururlar. Hem modern hem de klasik anlay\u0131\u015fla tasarlanan alanlarda kullan\u0131lmaya uygun olan kadife kuma\u015flar, kolay y\u0131pranmazlar ve dayan\u0131kl\u0131d\u0131rlar. Farkl\u0131 g\u00f6r\u00fcn\u00fcmlerde \u00fcretilebildikleri i\u00e7in modas\u0131 ge\u00e7mez ve her zaman kullan\u0131lmaya uygundurlar. MARCHOM KAD\u0130FE kuma\u015f, kendine \u00f6zg\u00fc k\u0131sa t\u00fcyl\u00fc bir kuma\u015f t\u00fcr\u00fcd\u00fcr. D\u00fczg\u00fcn bir \u015fekilde kesilmi\u015f yo\u011fun bir lif y\u0131\u011f\u0131n\u0131 ile karakterize edilen yumu\u015fak, l\u00fcks bir kuma\u015ft\u0131r. Kadife, k\u0131sa t\u00fcyl\u00fc liflerin \u00f6zelliklerinden dolay\u0131 g\u00fczel bir d\u00f6k\u00fcme ve benzersiz yumu\u015fak ve parlak bir g\u00f6r\u00fcn\u00fcme sahiptir. Tarihsel olarak ipekten dokunan bu kuma\u015f, pamuk, viskon, suni ipek veya sentetik elyaf gibi \u00e7e\u015fitli elyaflardan da yap\u0131lm\u0131\u015ft\u0131r. Kolayl\u0131kla temizlenebilirler, ya\u015fam alanlar\u0131nda konfor sa\u011flar. Dokuma ve \u00f6rme kadife kuma\u015flar olarak grupland\u0131r\u0131l\u0131rlar. Hem modern hem de klasik anlay\u0131\u015fla tasarlanan alanlarda kullan\u0131lmaya uygundurlar. Kolay y\u0131pranmazlar, dayan\u0131kl\u0131d\u0131rlar. Farkl\u0131 g\u00f6r\u00fcn\u00fcmlerde \u00fcretilebildikleri i\u00e7in modas\u0131 ge\u00e7mez ve her zaman kullan\u0131lmaya uygundurlar.<\/p><\/div>\t\t\t\t\t\t<\/div>\n\t\t\t\t<\/div>\n\t\t\t\t\t<\/div>\n\t\t<\/div>\n\t\t\t\t\t<\/div>\n\t\t<\/section>\n\t\t\t\t<section class=\"elementor-section elementor-top-section elementor-element elementor-element-e6682bf elementor-section-boxed elementor-section-height-default elementor-section-height-default\" data-id=\"e6682bf\" data-element_type=\"section\">\n\t\t\t\t\t\t<div class=\"elementor-container elementor-column-gap-default\">\n\t\t\t\t\t<div class=\"elementor-column elementor-col-50 elementor-top-column elementor-element elementor-element-c8189cb elementor-invisible\" data-id=\"c8189cb\" data-element_type=\"column\" data-settings=\"{&quot;animation&quot;:&quot;fadeIn&quot;,&quot;animation_delay&quot;:200}\">\n\t\t\t<div class=\"elementor-widget-wrap elementor-element-populated\">\n\t\t\t\t\t\t<div class=\"elementor-element elementor-element-1697ded elementor-widget elementor-widget-heading\" data-id=\"1697ded\" data-element_type=\"widget\" data-widget_type=\"heading.default\">\n\t\t\t\t<div class=\"elementor-widget-container\">\n\t\t\t<h1 class=\"elementor-heading-title elementor-size-default elementor-heading-title\">MARCHOM L\u00dcX<\/h1>\t\t<\/div>\n\t\t\t\t<\/div>\n\t\t\t\t<div class=\"elementor-element elementor-element-acf1e22 elementor-widget elementor-widget-text-editor\" data-id=\"acf1e22\" data-element_type=\"widget\" data-widget_type=\"text-editor.default\">\n\t\t\t\t<div class=\"elementor-widget-container\">\n\t\t\t\t\t\t\t<div class=\"x-text\"><p>Mobilyalar\u0131m\u0131zda ve ya\u015fam alanlar\u0131m\u0131zda kulland\u0131\u011f\u0131m\u0131z kuma\u015flar\u0131n renkleri ve dokular\u0131 dekorasyon konusunda olduk\u00e7a \u00f6nemli rol oynar. MARCHOM L\u00dcX kuma\u015flar, yumu\u015fak dokular\u0131 ve renkleriyle kullan\u0131ld\u0131klar\u0131 alana ve mobilyaya kolayl\u0131kla uyum sa\u011flar, ayn\u0131 zamanda \u00e7a\u011fda\u015f, \u015f\u0131k ve modern bir \u00e7izgi yakalayabilirsiniz. Bu koleksiyonda bulunan a\u00e7\u0131k renkler ile kulland\u0131\u011f\u0131n\u0131z ortamda daha geni\u015f ve ayd\u0131nl\u0131k bir hava yaratabilirsiniz. E\u015fsiz g\u00fczellikteki dokular\u0131 ile mobilyalar\u0131 korumak ve daha uzun s\u00fcre kullanmak i\u00e7in ideal bir se\u00e7im olacakt\u0131r.<\/p><\/div>\t\t\t\t\t\t<\/div>\n\t\t\t\t<\/div>\n\t\t\t\t\t<\/div>\n\t\t<\/div>\n\t\t\t\t<div class=\"elementor-column elementor-col-50 elementor-top-column elementor-element elementor-element-e1c1bbd elementor-invisible\" data-id=\"e1c1bbd\" data-element_type=\"column\" data-settings=\"{&quot;animation&quot;:&quot;fadeIn&quot;}\">\n\t\t\t<div class=\"elementor-widget-wrap elementor-element-populated\">\n\t\t\t\t\t\t<div class=\"elementor-element elementor-element-73d92ee elementor-widget elementor-widget-image\" data-id=\"73d92ee\" data-element_type=\"widget\" data-widget_type=\"image.default\">\n\t\t\t\t<div class=\"elementor-widget-container\">\n\t\t\t\t\t\t\t\t\t\t\t\t\t<img loading=\"lazy\" decoding=\"async\" width=\"940\" height=\"665\" src=\"https:\/\/marchomtextile.com\/wp-content\/uploads\/2022\/10\/1-1024x724.jpg\" class=\"attachment-large size-large wp-image-2641\" alt=\"\" srcset=\"https:\/\/marchomtextile.com\/wp-content\/uploads\/2022\/10\/1-1024x724.jpg 1024w, https:\/\/marchomtextile.com\/wp-content\/uploads\/2022\/10\/1-300x212.jpg 300w, https:\/\/marchomtextile.com\/wp-content\/uploads\/2022\/10\/1-768x543.jpg 768w, https:\/\/marchomtextile.com\/wp-content\/uploads\/2022\/10\/1-1536x1086.jpg 1536w, https:\/\/marchomtextile.com\/wp-content\/uploads\/2022\/10\/1-2048x1448.jpg 2048w, https:\/\/marchomtextile.com\/wp-content\/uploads\/2022\/10\/1-285x201.jpg 285w, https:\/\/marchomtextile.com\/wp-content\/uploads\/2022\/10\/1-1600x1131.jpg 1600w, https:\/\/marchomtextile.com\/wp-content\/uploads\/2022\/10\/1-660x467.jpg 660w, https:\/\/marchomtextile.com\/wp-content\/uploads\/2022\/10\/1-150x106.jpg 150w\" sizes=\"(max-width: 940px) 100vw, 940px\" \/>\t\t\t\t\t\t\t\t\t\t\t\t\t<\/div>\n\t\t\t\t<\/div>\n\t\t\t\t\t<\/div>\n\t\t<\/div>\n\t\t\t\t\t<\/div>\n\t\t<\/section>\n\t\t\t\t<\/div>\n\t\t","protected":false},"excerpt":{"rendered":"<p>MARCHOM D\u00dcZ Mobilyalar\u0131m\u0131z\u0131 ve ya\u015fam alanlar\u0131m\u0131z\u0131 dizayn ederken farkl\u0131 stillerden esinleniriz. Bu stillerden biri de MARCHOM D\u00dcZ kuma\u015flar\u0131d\u0131r&#8230;.<\/p>\n","protected":false},"author":1,"featured_media":0,"parent":0,"menu_order":0,"comment_status":"closed","ping_status":"closed","template":"elementor_header_footer","meta":{"footnotes":""},"class_list":["post-2591","page","type-page","status-publish","hentry"],"_links":{"self":[{"href":"https:\/\/marchomtextile.com\/tr\/wp-json\/wp\/v2\/pages\/2591","targetHints":{"allow":["GET"]}}],"collection":[{"href":"https:\/\/marchomtextile.com\/tr\/wp-json\/wp\/v2\/pages"}],"about":[{"href":"https:\/\/marchomtextile.com\/tr\/wp-json\/wp\/v2\/types\/page"}],"author":[{"embeddable":true,"href":"https:\/\/marchomtextile.com\/tr\/wp-json\/wp\/v2\/users\/1"}],"replies":[{"embeddable":true,"href":"https:\/\/marchomtextile.com\/tr\/wp-json\/wp\/v2\/comments?post=2591"}],"version-history":[{"count":14,"href":"https:\/\/marchomtextile.com\/tr\/wp-json\/wp\/v2\/pages\/2591\/revisions"}],"predecessor-version":[{"id":7555,"href":"https:\/\/marchomtextile.com\/tr\/wp-json\/wp\/v2\/pages\/2591\/revisions\/7555"}],"wp:attachment":[{"href":"https:\/\/marchomtextile.com\/tr\/wp-json\/wp\/v2\/media?parent=2591"}],"curies":[{"name":"wp","href":"https:\/\/api.w.org\/{rel}","templated":true}]}}