{"id":2315,"date":"2022-09-27T20:37:02","date_gmt":"2022-09-27T20:37:02","guid":{"rendered":"https:\/\/marchomtextile.com\/return-and-exchange-conditions\/"},"modified":"2022-09-27T20:46:05","modified_gmt":"2022-09-27T20:46:05","slug":"return-and-exchange-conditions","status":"publish","type":"page","link":"https:\/\/marchomtextile.com\/tr\/return-and-exchange-conditions\/","title":{"rendered":"\u0130ptal ve \u0130ade Ko\u015fullar\u0131"},"content":{"rendered":"\t\t<div data-elementor-type=\"wp-post\" data-elementor-id=\"2315\" class=\"elementor elementor-2315\">\n\t\t\t\t\t\t<section class=\"elementor-section elementor-top-section elementor-element elementor-element-10b3474 elementor-section-boxed elementor-section-height-default elementor-section-height-default\" data-id=\"10b3474\" data-element_type=\"section\">\n\t\t\t\t\t\t<div class=\"elementor-container elementor-column-gap-default\">\n\t\t\t\t\t<div class=\"elementor-column elementor-col-100 elementor-top-column elementor-element elementor-element-988c61c elementor-invisible\" data-id=\"988c61c\" data-element_type=\"column\" data-settings=\"{&quot;animation&quot;:&quot;fadeIn&quot;,&quot;animation_delay&quot;:200}\">\n\t\t\t<div class=\"elementor-widget-wrap elementor-element-populated\">\n\t\t\t\t\t\t<div class=\"elementor-element elementor-element-9cdd897 elementor-widget elementor-widget-text-editor\" data-id=\"9cdd897\" data-element_type=\"widget\" data-widget_type=\"text-editor.default\">\n\t\t\t\t<div class=\"elementor-widget-container\">\n\t\t\t<style>\/*! elementor - v3.19.0 - 28-02-2024 *\/\n.elementor-widget-text-editor.elementor-drop-cap-view-stacked .elementor-drop-cap{background-color:#69727d;color:#fff}.elementor-widget-text-editor.elementor-drop-cap-view-framed .elementor-drop-cap{color:#69727d;border:3px solid;background-color:transparent}.elementor-widget-text-editor:not(.elementor-drop-cap-view-default) .elementor-drop-cap{margin-top:8px}.elementor-widget-text-editor:not(.elementor-drop-cap-view-default) .elementor-drop-cap-letter{width:1em;height:1em}.elementor-widget-text-editor .elementor-drop-cap{float:left;text-align:center;line-height:1;font-size:50px}.elementor-widget-text-editor .elementor-drop-cap-letter{display:inline-block}<\/style>\t\t\t\t<div class=\"x-text\"><p>\u2013 Al\u0131c\u0131, 6102 say\u0131l\u0131 T\u00fcrk Ticaret Kanunu gere\u011fi; sipari\u015f etmi\u015f oldu\u011fu \u00fcr\u00fcnlerin teslimi s\u0131ras\u0131nda ay\u0131p kontrol\u00fc yapmakla sorumludur.<\/p><p>\u2013 Al\u0131c\u0131, teslim edilen \u00fcr\u00fcnler i\u00e7erisinde a\u00e7\u0131k\u00e7a g\u00f6r\u00fclen bir ay\u0131p olmas\u0131 halinde 6102 say\u0131l\u0131 T\u00fcrk Ticaret Kanunu 23\/c maddesi uyar\u0131nca, durumu Sat\u0131c\u0131\u2019ya 3 (\u00fc\u00e7) g\u00fcn i\u00e7erisinde ihbar etmekle y\u00fck\u00fcml\u00fcd\u00fcr. Aksi halde Al\u0131c\u0131, 6098 Say\u0131l\u0131 T\u00fcrk Bor\u00e7lar Kanunu\u2019nun 223. maddesi gere\u011fince, teslim edilen \u00fcr\u00fcn\u00fc ay\u0131pl\u0131 hali ile kabul etmi\u015f say\u0131lacakt\u0131r.<\/p><p>\u2013 Al\u0131c\u0131\u2019n\u0131n, kendisine teslim edilen \u00fcr\u00fcnlerde a\u00e7\u0131k\u00e7a belli olmayan (gizli) ay\u0131plara kar\u015f\u0131 denetim ve kontrol (\u00fcr\u00fcn\u00fc incelemek ve\/veya incelettirmek) y\u00fck\u00fcml\u00fcl\u00fc\u011f\u00fc ve teslim tarihinden itibaren 3 (\u00fc\u00e7) g\u00fcn i\u00e7erisinde \u00fcr\u00fcnlerde bir ay\u0131p tespit etmesi\/ettirmesi halinde derhal Sat\u0131c\u0131\u2019ya ihbar etme y\u00fck\u00fcml\u00fcl\u00fc\u011f\u00fc bulunmaktad\u0131r. Aksi halde Al\u0131c\u0131, 6098 Say\u0131l\u0131 T\u00fcrk Bor\u00e7lar Kanunu\u2019nun 223. maddesi gere\u011fince, teslim edilen \u00fcr\u00fcn\u00fc ay\u0131pl\u0131 hali ile kabul etmi\u015f say\u0131lacakt\u0131r.<\/p><p>\u2013 Al\u0131c\u0131, Ay\u0131p ihbar\u0131 ile birlikte \u0130nternet Sitesi \u00fczerinden iade talebi olu\u015fturarak, \u00fcr\u00fcn\u00fc teslim alm\u0131\u015f oldu\u011fu \u015fekli ile tam ve eksiksiz olarak Sat\u0131c\u0131\u2019ya g\u00f6ndermekle y\u00fck\u00fcml\u00fcd\u00fcr. Al\u0131c\u0131\u2019n\u0131n teslim edilen \u00fcr\u00fcn\u00fc herhangi bir nedenle iade edebilmesi i\u00e7in; \u00fcr\u00fcn\u00fcn orijinal ambalaj\u0131nda muhafaza edilmesi, t\u00fcm ambalaj malzemeleriyle eksiksiz bir \u015fekilde, fiziksel hasar g\u00f6rmeden aynen geri g\u00f6nderilmesi gereklidir. Ayr\u0131ca, irsaliye ve faturan\u0131n t\u00fcm as\u0131l ve kopyalar\u0131n\u0131n da \u00fcr\u00fcnlerle birlikte g\u00f6nderilmesi gerekmektedir.<\/p><p>\u2013 Teslimat\u0131 yapan ta\u015f\u0131y\u0131c\u0131dan kaynakl\u0131 hasar d\u0131\u015f\u0131nda, paket a\u00e7\u0131lmadan fark edilebilecek nitelikte herhangi bir hasar, eziklik, \u0131slakl\u0131k gibi normal olmayan bir durum varsa; Al\u0131c\u0131 teslimat g\u00f6revlisinden tutanak haz\u0131rlamas\u0131n\u0131 talep etmelidir.<\/p><p>\u2013 Sat\u0131c\u0131, usul\u00fcne uygun olarak yap\u0131lan ihbar ve sonras\u0131nda \u00fcr\u00fcn\u00fcn kendisine teslimi ile birlikte gerekli kontrolleri yaparak; Al\u0131c\u0131\u2019n\u0131n beyanlar\u0131nda hakl\u0131 olmas\u0131 durumunda ay\u0131pl\u0131 \u00fcr\u00fcn\u00fc de\u011fi\u015ftirerek Al\u0131c\u0131\u2019ya , t\u00fcm masraflar\u0131 kendisince kar\u015f\u0131lanmak \u00fczere teslim eder. Al\u0131c\u0131, dilerse \u00fccret iadesi de talep edebilir. Bu taktirde \u00fccret iadesi 10 (on) i\u015f g\u00fcn\u00fc i\u00e7inde yap\u0131lacakt\u0131r.<\/p><p>\u2013 \u0130ade edilen ay\u0131pl\u0131 \u00fcr\u00fcn\u00fcn yenisinin stoklarda kalmamas\u0131 ya da benzeri zorlay\u0131c\u0131 nedenler ile ay\u0131ps\u0131z \u00fcr\u00fcn ile de\u011fi\u015ftirme imk\u00e2n\u0131n\u0131n ortadan kalkt\u0131\u011f\u0131 durumlarda, Sat\u0131c\u0131 \u00fcr\u00fcn bedelini Al\u0131c\u0131\u2019ya,herhangi bir faiz veya masraf \u00f6demeksizin, tahsil edilen y\u00f6ntemle ayn\u0131 \u015fekilde iade edece\u011fini beyan ve taahh\u00fct eder.<\/p><p>-Kampanya grubuna giren \u00fcr\u00fcnlerde ve aksesuarlarda de\u011fi\u015fim ve iade bulunmamaktad\u0131r.<\/p><p>-\u00dcr\u00fcn sevkiyat masraf\u0131 olan kargo \u00fccretleri al\u0131c\u0131lar taraf\u0131ndan \u00f6denecektir. \u0130ptal ve iade i\u015flemlerinde ger\u00e7ekle\u015ftirilecek \u00fccret iadelerinde masraflar d\u00fc\u015f\u00fclerek yaln\u0131zca \u00fcr\u00fcn bedelinin iadesi yap\u0131l\u0131r.<\/p><p>-T\u00fcm de\u011fi\u015fim ve iade i\u015flemlerinde kargo al\u0131c\u0131ya aittir.<\/p><\/div>\t\t\t\t\t\t<\/div>\n\t\t\t\t<\/div>\n\t\t\t\t\t<\/div>\n\t\t<\/div>\n\t\t\t\t\t<\/div>\n\t\t<\/section>\n\t\t\t\t<\/div>\n\t\t","protected":false},"excerpt":{"rendered":"<p>\u2013 Al\u0131c\u0131, 6102 say\u0131l\u0131 T\u00fcrk Ticaret Kanunu gere\u011fi; sipari\u015f etmi\u015f oldu\u011fu \u00fcr\u00fcnlerin teslimi s\u0131ras\u0131nda ay\u0131p kontrol\u00fc yapmakla sorumludur&#8230;.<\/p>\n","protected":false},"author":1,"featured_media":0,"parent":0,"menu_order":0,"comment_status":"closed","ping_status":"closed","template":"elementor_header_footer","meta":{"footnotes":""},"class_list":["post-2315","page","type-page","status-publish","hentry"],"_links":{"self":[{"href":"https:\/\/marchomtextile.com\/tr\/wp-json\/wp\/v2\/pages\/2315","targetHints":{"allow":["GET"]}}],"collection":[{"href":"https:\/\/marchomtextile.com\/tr\/wp-json\/wp\/v2\/pages"}],"about":[{"href":"https:\/\/marchomtextile.com\/tr\/wp-json\/wp\/v2\/types\/page"}],"author":[{"embeddable":true,"href":"https:\/\/marchomtextile.com\/tr\/wp-json\/wp\/v2\/users\/1"}],"replies":[{"embeddable":true,"href":"https:\/\/marchomtextile.com\/tr\/wp-json\/wp\/v2\/comments?post=2315"}],"version-history":[{"count":1,"href":"https:\/\/marchomtextile.com\/tr\/wp-json\/wp\/v2\/pages\/2315\/revisions"}],"predecessor-version":[{"id":2316,"href":"https:\/\/marchomtextile.com\/tr\/wp-json\/wp\/v2\/pages\/2315\/revisions\/2316"}],"wp:attachment":[{"href":"https:\/\/marchomtextile.com\/tr\/wp-json\/wp\/v2\/media?parent=2315"}],"curies":[{"name":"wp","href":"https:\/\/api.w.org\/{rel}","templated":true}]}}