{"id":2297,"date":"2022-09-27T20:34:52","date_gmt":"2022-09-27T20:34:52","guid":{"rendered":"https:\/\/marchomtextile.com\/cargo-processes\/"},"modified":"2022-09-27T20:40:56","modified_gmt":"2022-09-27T20:40:56","slug":"cargo-processes","status":"publish","type":"page","link":"https:\/\/marchomtextile.com\/tr\/cargo-processes\/","title":{"rendered":"Kargo S\u00fcre\u00e7leri"},"content":{"rendered":"\t\t<div data-elementor-type=\"wp-post\" data-elementor-id=\"2297\" class=\"elementor elementor-2297\">\n\t\t\t\t\t\t<section class=\"elementor-section elementor-top-section elementor-element elementor-element-10b3474 elementor-section-boxed elementor-section-height-default elementor-section-height-default\" data-id=\"10b3474\" data-element_type=\"section\">\n\t\t\t\t\t\t<div class=\"elementor-container elementor-column-gap-default\">\n\t\t\t\t\t<div class=\"elementor-column elementor-col-100 elementor-top-column elementor-element elementor-element-988c61c elementor-invisible\" data-id=\"988c61c\" data-element_type=\"column\" data-settings=\"{&quot;animation&quot;:&quot;fadeIn&quot;,&quot;animation_delay&quot;:200}\">\n\t\t\t<div class=\"elementor-widget-wrap elementor-element-populated\">\n\t\t\t\t\t\t<div class=\"elementor-element elementor-element-9cdd897 elementor-widget elementor-widget-text-editor\" data-id=\"9cdd897\" data-element_type=\"widget\" data-widget_type=\"text-editor.default\">\n\t\t\t\t<div class=\"elementor-widget-container\">\n\t\t\t<style>\/*! elementor - v3.19.0 - 28-02-2024 *\/\n.elementor-widget-text-editor.elementor-drop-cap-view-stacked .elementor-drop-cap{background-color:#69727d;color:#fff}.elementor-widget-text-editor.elementor-drop-cap-view-framed .elementor-drop-cap{color:#69727d;border:3px solid;background-color:transparent}.elementor-widget-text-editor:not(.elementor-drop-cap-view-default) .elementor-drop-cap{margin-top:8px}.elementor-widget-text-editor:not(.elementor-drop-cap-view-default) .elementor-drop-cap-letter{width:1em;height:1em}.elementor-widget-text-editor .elementor-drop-cap{float:left;text-align:center;line-height:1;font-size:50px}.elementor-widget-text-editor .elementor-drop-cap-letter{display:inline-block}<\/style>\t\t\t\t<div class=\"x-text\">\n<p>\u00dcr\u00fcnleriniz sizin tercih etti\u011finiz kargo firmas\u0131 ile g\u00f6nderilecektir. Tahmini teslimat s\u00fcresi, teslimat adresine ba\u011fl\u0131 olarak 7-30 i\u015f g\u00fcn\u00fc i\u00e7inde yap\u0131lmaktad\u0131r.<\/p>\n<p><\/p>\n<p>Marchometextile ma\u011fazas\u0131ndan da fiziki olarak sat\u0131\u015f yap\u0131ld\u0131\u011f\u0131 i\u00e7in \u00fcr\u00fcn\u00fcn anl\u0131k olarak stokta kalmamas\u0131 durumunda taraf\u0131n\u0131za bilgilendirme sunulacakt\u0131r.<\/p>\n<p><\/p>\n<p>Kargodan size gelen \u00fcr\u00fcnde hasar varsa l\u00fctfen tutanak tutturarak \u00fcr\u00fcn\u00fc kabul etmeyiniz.<\/p>\n<p>Kargodan kaynakl\u0131 hasar g\u00f6r\u00fclen \u00fcr\u00fcnlerin kabul edilip edilmemesi al\u0131c\u0131n\u0131n insiyatifidir. Kabul edilen \u00fcr\u00fcnlerle ilgili iptal i\u015flemleri kabul edilmez<\/p>\n<\/div>\t\t\t\t\t\t<\/div>\n\t\t\t\t<\/div>\n\t\t\t\t\t<\/div>\n\t\t<\/div>\n\t\t\t\t\t<\/div>\n\t\t<\/section>\n\t\t\t\t<\/div>\n\t\t","protected":false},"excerpt":{"rendered":"<p>\u00dcr\u00fcnleriniz sizin tercih etti\u011finiz kargo firmas\u0131 ile g\u00f6nderilecektir. Tahmini teslimat s\u00fcresi, teslimat adresine ba\u011fl\u0131 olarak 7-30 i\u015f g\u00fcn\u00fc&#8230;<\/p>\n","protected":false},"author":1,"featured_media":0,"parent":0,"menu_order":0,"comment_status":"closed","ping_status":"closed","template":"elementor_header_footer","meta":{"footnotes":""},"class_list":["post-2297","page","type-page","status-publish","hentry"],"_links":{"self":[{"href":"https:\/\/marchomtextile.com\/tr\/wp-json\/wp\/v2\/pages\/2297","targetHints":{"allow":["GET"]}}],"collection":[{"href":"https:\/\/marchomtextile.com\/tr\/wp-json\/wp\/v2\/pages"}],"about":[{"href":"https:\/\/marchomtextile.com\/tr\/wp-json\/wp\/v2\/types\/page"}],"author":[{"embeddable":true,"href":"https:\/\/marchomtextile.com\/tr\/wp-json\/wp\/v2\/users\/1"}],"replies":[{"embeddable":true,"href":"https:\/\/marchomtextile.com\/tr\/wp-json\/wp\/v2\/comments?post=2297"}],"version-history":[{"count":4,"href":"https:\/\/marchomtextile.com\/tr\/wp-json\/wp\/v2\/pages\/2297\/revisions"}],"predecessor-version":[{"id":2304,"href":"https:\/\/marchomtextile.com\/tr\/wp-json\/wp\/v2\/pages\/2297\/revisions\/2304"}],"wp:attachment":[{"href":"https:\/\/marchomtextile.com\/tr\/wp-json\/wp\/v2\/media?parent=2297"}],"curies":[{"name":"wp","href":"https:\/\/api.w.org\/{rel}","templated":true}]}}