{"id":1917,"date":"2020-08-27T09:34:15","date_gmt":"2020-08-27T09:34:15","guid":{"rendered":"https:\/\/marchomtextile.com\/index.php\/about-us\/sustainability\/"},"modified":"2022-11-14T07:45:54","modified_gmt":"2022-11-14T07:45:54","slug":"surdurulebilirlik","status":"publish","type":"page","link":"https:\/\/marchomtextile.com\/tr\/hakkimizda\/surdurulebilirlik\/","title":{"rendered":"S\u00fcrd\u00fcr\u00fclebilirlik"},"content":{"rendered":"\t\t<div data-elementor-type=\"wp-page\" data-elementor-id=\"1917\" class=\"elementor elementor-1917\">\n\t\t\t\t\t\t<section class=\"elementor-section elementor-top-section elementor-element elementor-element-2f0eff1 elementor-section-boxed elementor-section-height-default elementor-section-height-default\" data-id=\"2f0eff1\" data-element_type=\"section\" data-settings=\"{&quot;background_background&quot;:&quot;classic&quot;}\">\n\t\t\t\t\t\t\t<div class=\"elementor-background-overlay\"><\/div>\n\t\t\t\t\t\t\t<div class=\"elementor-container elementor-column-gap-default\">\n\t\t\t\t\t<div class=\"elementor-column elementor-col-100 elementor-top-column elementor-element elementor-element-d3015bc\" data-id=\"d3015bc\" data-element_type=\"column\">\n\t\t\t<div class=\"elementor-widget-wrap elementor-element-populated\">\n\t\t\t\t\t\t<div class=\"elementor-element elementor-element-d765841 elementor-widget elementor-widget-heading\" data-id=\"d765841\" data-element_type=\"widget\" data-widget_type=\"heading.default\">\n\t\t\t\t<div class=\"elementor-widget-container\">\n\t\t\t<style>\/*! elementor - v3.19.0 - 28-02-2024 *\/\n.elementor-heading-title{padding:0;margin:0;line-height:1}.elementor-widget-heading .elementor-heading-title[class*=elementor-size-]>a{color:inherit;font-size:inherit;line-height:inherit}.elementor-widget-heading .elementor-heading-title.elementor-size-small{font-size:15px}.elementor-widget-heading .elementor-heading-title.elementor-size-medium{font-size:19px}.elementor-widget-heading .elementor-heading-title.elementor-size-large{font-size:29px}.elementor-widget-heading .elementor-heading-title.elementor-size-xl{font-size:39px}.elementor-widget-heading .elementor-heading-title.elementor-size-xxl{font-size:59px}<\/style><h1 class=\"elementor-heading-title elementor-size-default elementor-heading-title\">ULUSLARARASI \u00c7EVRE AJANSI ANLA\u015eMALARI \u0130LE DO\u011eAYI KORUYORUZ<\/h1>\t\t<\/div>\n\t\t\t\t<\/div>\n\t\t\t\t<div class=\"elementor-element elementor-element-2100449 elementor-widget elementor-widget-text-editor\" data-id=\"2100449\" data-element_type=\"widget\" data-widget_type=\"text-editor.default\">\n\t\t\t\t<div class=\"elementor-widget-container\">\n\t\t\t<style>\/*! elementor - v3.19.0 - 28-02-2024 *\/\n.elementor-widget-text-editor.elementor-drop-cap-view-stacked .elementor-drop-cap{background-color:#69727d;color:#fff}.elementor-widget-text-editor.elementor-drop-cap-view-framed .elementor-drop-cap{color:#69727d;border:3px solid;background-color:transparent}.elementor-widget-text-editor:not(.elementor-drop-cap-view-default) .elementor-drop-cap{margin-top:8px}.elementor-widget-text-editor:not(.elementor-drop-cap-view-default) .elementor-drop-cap-letter{width:1em;height:1em}.elementor-widget-text-editor .elementor-drop-cap{float:left;text-align:center;line-height:1;font-size:50px}.elementor-widget-text-editor .elementor-drop-cap-letter{display:inline-block}<\/style>\t\t\t\t<p>Hammadde s\u00fcrecinden \u00fcr\u00fcn s\u00fcrecine kadar t\u00fcm niteliklerimiz uluslararas\u0131 \u00e7evre koruma s\u00f6zle\u015fmelerine uygun olarak \u00fcretilmektedir.<\/p>\t\t\t\t\t\t<\/div>\n\t\t\t\t<\/div>\n\t\t\t\t<div class=\"elementor-element elementor-element-58f042b elementor-widget elementor-widget-button\" data-id=\"58f042b\" data-element_type=\"widget\" data-widget_type=\"button.default\">\n\t\t\t\t<div class=\"elementor-widget-container\">\n\t\t\t\t\t<div class=\"elementor-button-wrapper\">\n\t\t\t<a class=\"elementor-button elementor-button-link elementor-size-sm\" href=\"https:\/\/marchomtextile.com\/tr\/iletisim\/\">\n\t\t\t\t\t\t<span class=\"elementor-button-content-wrapper\">\n\t\t\t\t\t\t<span class=\"elementor-button-text\"> Bize Ula\u015f\u0131n<\/span>\n\t\t<\/span>\n\t\t\t\t\t<\/a>\n\t\t<\/div>\n\t\t\t\t<\/div>\n\t\t\t\t<\/div>\n\t\t\t\t\t<\/div>\n\t\t<\/div>\n\t\t\t\t\t<\/div>\n\t\t<\/section>\n\t\t\t\t<\/div>\n\t\t","protected":false},"excerpt":{"rendered":"<p>ULUSLARARASI \u00c7EVRE AJANSI ANLA\u015eMALARI \u0130LE DO\u011eAYI KORUYORUZ Hammadde s\u00fcrecinden \u00fcr\u00fcn s\u00fcrecine kadar t\u00fcm niteliklerimiz uluslararas\u0131 \u00e7evre koruma s\u00f6zle\u015fmelerine&#8230;<\/p>\n","protected":false},"author":1,"featured_media":0,"parent":1907,"menu_order":0,"comment_status":"closed","ping_status":"closed","template":"elementor_header_footer","meta":{"footnotes":""},"class_list":["post-1917","page","type-page","status-publish","hentry"],"_links":{"self":[{"href":"https:\/\/marchomtextile.com\/tr\/wp-json\/wp\/v2\/pages\/1917","targetHints":{"allow":["GET"]}}],"collection":[{"href":"https:\/\/marchomtextile.com\/tr\/wp-json\/wp\/v2\/pages"}],"about":[{"href":"https:\/\/marchomtextile.com\/tr\/wp-json\/wp\/v2\/types\/page"}],"author":[{"embeddable":true,"href":"https:\/\/marchomtextile.com\/tr\/wp-json\/wp\/v2\/users\/1"}],"replies":[{"embeddable":true,"href":"https:\/\/marchomtextile.com\/tr\/wp-json\/wp\/v2\/comments?post=1917"}],"version-history":[{"count":13,"href":"https:\/\/marchomtextile.com\/tr\/wp-json\/wp\/v2\/pages\/1917\/revisions"}],"predecessor-version":[{"id":7501,"href":"https:\/\/marchomtextile.com\/tr\/wp-json\/wp\/v2\/pages\/1917\/revisions\/7501"}],"up":[{"embeddable":true,"href":"https:\/\/marchomtextile.com\/tr\/wp-json\/wp\/v2\/pages\/1907"}],"wp:attachment":[{"href":"https:\/\/marchomtextile.com\/tr\/wp-json\/wp\/v2\/media?parent=1917"}],"curies":[{"name":"wp","href":"https:\/\/api.w.org\/{rel}","templated":true}]}}