{"id":1907,"date":"2018-07-28T16:07:17","date_gmt":"2018-07-28T16:07:17","guid":{"rendered":"https:\/\/marchomtextile.com\/index.php\/about-us\/"},"modified":"2022-11-14T10:21:40","modified_gmt":"2022-11-14T10:21:40","slug":"hakkimizda","status":"publish","type":"page","link":"https:\/\/marchomtextile.com\/tr\/hakkimizda\/","title":{"rendered":"Hakk\u0131m\u0131zda"},"content":{"rendered":"\t\t<div data-elementor-type=\"wp-post\" data-elementor-id=\"1907\" class=\"elementor elementor-1907\">\n\t\t\t\t\t\t<section class=\"elementor-section elementor-top-section elementor-element elementor-element-10b3474 elementor-section-boxed elementor-section-height-default elementor-section-height-default\" data-id=\"10b3474\" data-element_type=\"section\">\n\t\t\t\t\t\t<div class=\"elementor-container elementor-column-gap-default\">\n\t\t\t\t\t<div class=\"elementor-column elementor-col-50 elementor-top-column elementor-element elementor-element-9f7d21a elementor-invisible\" data-id=\"9f7d21a\" data-element_type=\"column\" data-settings=\"{&quot;animation&quot;:&quot;fadeIn&quot;}\">\n\t\t\t<div class=\"elementor-widget-wrap elementor-element-populated\">\n\t\t\t\t\t\t<div class=\"elementor-element elementor-element-79bcd68 elementor-widget elementor-widget-image\" data-id=\"79bcd68\" data-element_type=\"widget\" data-widget_type=\"image.default\">\n\t\t\t\t<div class=\"elementor-widget-container\">\n\t\t\t<style>\/*! elementor - v3.19.0 - 28-02-2024 *\/\n.elementor-widget-image{text-align:center}.elementor-widget-image a{display:inline-block}.elementor-widget-image a img[src$=\".svg\"]{width:48px}.elementor-widget-image img{vertical-align:middle;display:inline-block}<\/style>\t\t\t\t\t\t\t\t\t\t<img fetchpriority=\"high\" decoding=\"async\" width=\"940\" height=\"628\" src=\"https:\/\/marchomtextile.com\/wp-content\/uploads\/2018\/08\/janko-ferlic-150572-unsplash-1024x684.jpg\" class=\"attachment-large size-large wp-image-958\" alt=\"\" srcset=\"https:\/\/marchomtextile.com\/wp-content\/uploads\/2018\/08\/janko-ferlic-150572-unsplash-1024x684.jpg 1024w, https:\/\/marchomtextile.com\/wp-content\/uploads\/2018\/08\/janko-ferlic-150572-unsplash-150x100.jpg 150w, https:\/\/marchomtextile.com\/wp-content\/uploads\/2018\/08\/janko-ferlic-150572-unsplash-660x441.jpg 660w, https:\/\/marchomtextile.com\/wp-content\/uploads\/2018\/08\/janko-ferlic-150572-unsplash-300x200.jpg 300w, https:\/\/marchomtextile.com\/wp-content\/uploads\/2018\/08\/janko-ferlic-150572-unsplash-768x513.jpg 768w, https:\/\/marchomtextile.com\/wp-content\/uploads\/2018\/08\/janko-ferlic-150572-unsplash-1536x1025.jpg 1536w, https:\/\/marchomtextile.com\/wp-content\/uploads\/2018\/08\/janko-ferlic-150572-unsplash-285x190.jpg 285w, https:\/\/marchomtextile.com\/wp-content\/uploads\/2018\/08\/janko-ferlic-150572-unsplash.jpg 1600w\" sizes=\"(max-width: 940px) 100vw, 940px\" \/>\t\t\t\t\t\t\t\t\t\t\t\t\t<\/div>\n\t\t\t\t<\/div>\n\t\t\t\t\t<\/div>\n\t\t<\/div>\n\t\t\t\t<div class=\"elementor-column elementor-col-50 elementor-top-column elementor-element elementor-element-988c61c elementor-invisible\" data-id=\"988c61c\" data-element_type=\"column\" data-settings=\"{&quot;animation&quot;:&quot;fadeIn&quot;,&quot;animation_delay&quot;:200}\">\n\t\t\t<div class=\"elementor-widget-wrap elementor-element-populated\">\n\t\t\t\t\t\t<div class=\"elementor-element elementor-element-7b75cff elementor-widget elementor-widget-heading\" data-id=\"7b75cff\" data-element_type=\"widget\" data-widget_type=\"heading.default\">\n\t\t\t\t<div class=\"elementor-widget-container\">\n\t\t\t<style>\/*! elementor - v3.19.0 - 28-02-2024 *\/\n.elementor-heading-title{padding:0;margin:0;line-height:1}.elementor-widget-heading .elementor-heading-title[class*=elementor-size-]>a{color:inherit;font-size:inherit;line-height:inherit}.elementor-widget-heading .elementor-heading-title.elementor-size-small{font-size:15px}.elementor-widget-heading .elementor-heading-title.elementor-size-medium{font-size:19px}.elementor-widget-heading .elementor-heading-title.elementor-size-large{font-size:29px}.elementor-widget-heading .elementor-heading-title.elementor-size-xl{font-size:39px}.elementor-widget-heading .elementor-heading-title.elementor-size-xxl{font-size:59px}<\/style><h2 class=\"elementor-heading-title elementor-size-default elementor-heading-title elementor-align-after-left elementor-align-after-mobile-center elementor-align-after-tablet-left\">Ho\u015f geldiniz<\/h2>\t\t<\/div>\n\t\t\t\t<\/div>\n\t\t\t\t<div class=\"elementor-element elementor-element-9cdd897 elementor-widget elementor-widget-text-editor\" data-id=\"9cdd897\" data-element_type=\"widget\" data-widget_type=\"text-editor.default\">\n\t\t\t\t<div class=\"elementor-widget-container\">\n\t\t\t<style>\/*! elementor - v3.19.0 - 28-02-2024 *\/\n.elementor-widget-text-editor.elementor-drop-cap-view-stacked .elementor-drop-cap{background-color:#69727d;color:#fff}.elementor-widget-text-editor.elementor-drop-cap-view-framed .elementor-drop-cap{color:#69727d;border:3px solid;background-color:transparent}.elementor-widget-text-editor:not(.elementor-drop-cap-view-default) .elementor-drop-cap{margin-top:8px}.elementor-widget-text-editor:not(.elementor-drop-cap-view-default) .elementor-drop-cap-letter{width:1em;height:1em}.elementor-widget-text-editor .elementor-drop-cap{float:left;text-align:center;line-height:1;font-size:50px}.elementor-widget-text-editor .elementor-drop-cap-letter{display:inline-block}<\/style>\t\t\t\t<div class=\"x-text\"><p>2019 y\u0131l\u0131nda kurulan MARCHOM TEXTILE ev tekstili sekt\u00f6r\u00fcnde d\u00f6\u015femelik ve perdelik kuma\u015f tasar\u0131m\u0131 ve \u00fcretimi alan\u0131nda \u00f6nc\u00fc olmaya adayd\u0131r. Uluslararas\u0131 ve i\u00e7 pazar\u0131n talep etti\u011fi y\u00fcksek standartta \u00fcretim, yenilik\u00e7i tasar\u0131m ve daimi m\u00fc\u015fteri memnuniyeti anlay\u0131\u015f\u0131 MARCHOM TEXTILE\u2019 in vizyon ve misyonu olmu\u015ftur; olmaya devam edecektir. Kurulu\u015fundan itibaren \u00fcr\u00fcnlerinin %50&#8217;den fazlas\u0131n\u0131 do\u011frudan veya dolayl\u0131 olarak uluslararas\u0131 piyasalara sunmakta olmas\u0131, MARCHOM TEXTILE\u2019 kalite standart\u0131n\u0131n yeterli derecede y\u00fcksek oldu\u011funun kabul ve takdir g\u00f6rmesinin g\u00f6stergesidir. MARCHOM \u00fcr\u00fcnleri, Avrupa\u2019n\u0131n tekstil ba\u015fkenti BURSA\u2019da MARCHOM TEXTILE tesislerinde tasarlanmakta ve \u00fcretilmektedir.<\/p><\/div>\t\t\t\t\t\t<\/div>\n\t\t\t\t<\/div>\n\t\t\t\t\t<\/div>\n\t\t<\/div>\n\t\t\t\t\t<\/div>\n\t\t<\/section>\n\t\t\t\t<\/div>\n\t\t","protected":false},"excerpt":{"rendered":"<p>Ho\u015f geldiniz 2019 y\u0131l\u0131nda kurulan MARCHOM TEXTILE ev tekstili sekt\u00f6r\u00fcnde d\u00f6\u015femelik ve perdelik kuma\u015f tasar\u0131m\u0131 ve \u00fcretimi alan\u0131nda&#8230;<\/p>\n","protected":false},"author":1,"featured_media":0,"parent":0,"menu_order":0,"comment_status":"closed","ping_status":"closed","template":"elementor_header_footer","meta":{"footnotes":""},"class_list":["post-1907","page","type-page","status-publish","hentry"],"_links":{"self":[{"href":"https:\/\/marchomtextile.com\/tr\/wp-json\/wp\/v2\/pages\/1907","targetHints":{"allow":["GET"]}}],"collection":[{"href":"https:\/\/marchomtextile.com\/tr\/wp-json\/wp\/v2\/pages"}],"about":[{"href":"https:\/\/marchomtextile.com\/tr\/wp-json\/wp\/v2\/types\/page"}],"author":[{"embeddable":true,"href":"https:\/\/marchomtextile.com\/tr\/wp-json\/wp\/v2\/users\/1"}],"replies":[{"embeddable":true,"href":"https:\/\/marchomtextile.com\/tr\/wp-json\/wp\/v2\/comments?post=1907"}],"version-history":[{"count":38,"href":"https:\/\/marchomtextile.com\/tr\/wp-json\/wp\/v2\/pages\/1907\/revisions"}],"predecessor-version":[{"id":7601,"href":"https:\/\/marchomtextile.com\/tr\/wp-json\/wp\/v2\/pages\/1907\/revisions\/7601"}],"wp:attachment":[{"href":"https:\/\/marchomtextile.com\/tr\/wp-json\/wp\/v2\/media?parent=1907"}],"curies":[{"name":"wp","href":"https:\/\/api.w.org\/{rel}","templated":true}]}}